{"id":23,"date":"2022-02-23T22:57:22","date_gmt":"2022-02-23T21:57:22","guid":{"rendered":"https:\/\/paris-picnic.com\/?page_id=23"},"modified":"2022-03-27T23:38:02","modified_gmt":"2022-03-27T21:38:02","slug":"services-ajoutes","status":"publish","type":"page","link":"https:\/\/paris-picnic.com\/index.php\/services-ajoutes\/","title":{"rendered":"Servicios Complementarios"},"content":{"rendered":"\n<p><strong>SESION DE FOTOS CON UN FOTOGRAFO PROFESIONAL<\/strong><\/p>\n\n\n\n<p>Para que puedas inmortalizar tu picnic y puedas presumirlo ante todos tus amigos, te proponemos agregar una sesi\u00f3n de fotos con un fot\u00f3grafo profesional. Las sesi\u00f3n puede durar : 30 minutos o 1 hora. Las fotos te ser\u00e1n enviadas v\u00eda WE TRANSFERT en baja resoluci\u00f3n, ideal para uso en redes sociales y en Alta Calidad para impresi\u00f3n en papel.<\/p>\n\n\n\n<figure class=\"wp-block-gallery has-nested-images columns-default is-cropped wp-block-gallery-1 is-layout-flex wp-block-gallery-is-layout-flex\">\n<figure class=\"wp-block-image size-large\"><img loading=\"lazy\" decoding=\"async\" width=\"682\" height=\"1024\" data-id=\"63\" src=\"http:\/\/paris-picnic.com\/wp-content\/uploads\/2022\/02\/85846a4e-2ffa-4c46-8d18-349299826de2-682x1024.jpg\" alt=\"\" class=\"wp-image-63\" srcset=\"https:\/\/paris-picnic.com\/wp-content\/uploads\/2022\/02\/85846a4e-2ffa-4c46-8d18-349299826de2-682x1024.jpg 682w, https:\/\/paris-picnic.com\/wp-content\/uploads\/2022\/02\/85846a4e-2ffa-4c46-8d18-349299826de2-600x901.jpg 600w, https:\/\/paris-picnic.com\/wp-content\/uploads\/2022\/02\/85846a4e-2ffa-4c46-8d18-349299826de2-200x300.jpg 200w, https:\/\/paris-picnic.com\/wp-content\/uploads\/2022\/02\/85846a4e-2ffa-4c46-8d18-349299826de2-768x1153.jpg 768w, https:\/\/paris-picnic.com\/wp-content\/uploads\/2022\/02\/85846a4e-2ffa-4c46-8d18-349299826de2-1023x1536.jpg 1023w, https:\/\/paris-picnic.com\/wp-content\/uploads\/2022\/02\/85846a4e-2ffa-4c46-8d18-349299826de2-40x60.jpg 40w, https:\/\/paris-picnic.com\/wp-content\/uploads\/2022\/02\/85846a4e-2ffa-4c46-8d18-349299826de2.jpg 1364w\" sizes=\"auto, (max-width: 682px) 100vw, 682px\" \/><\/figure>\n\n\n\n<figure class=\"wp-block-image size-large\"><img loading=\"lazy\" decoding=\"async\" width=\"1364\" height=\"2048\" data-id=\"65\" src=\"http:\/\/paris-picnic.com\/wp-content\/uploads\/2022\/02\/767548d4-bedb-4592-909a-0a5ea84d30b0.jpg\" alt=\"\" class=\"wp-image-65\" srcset=\"https:\/\/paris-picnic.com\/wp-content\/uploads\/2022\/02\/767548d4-bedb-4592-909a-0a5ea84d30b0.jpg 1364w, https:\/\/paris-picnic.com\/wp-content\/uploads\/2022\/02\/767548d4-bedb-4592-909a-0a5ea84d30b0-600x901.jpg 600w, https:\/\/paris-picnic.com\/wp-content\/uploads\/2022\/02\/767548d4-bedb-4592-909a-0a5ea84d30b0-200x300.jpg 200w, https:\/\/paris-picnic.com\/wp-content\/uploads\/2022\/02\/767548d4-bedb-4592-909a-0a5ea84d30b0-682x1024.jpg 682w, https:\/\/paris-picnic.com\/wp-content\/uploads\/2022\/02\/767548d4-bedb-4592-909a-0a5ea84d30b0-768x1153.jpg 768w, https:\/\/paris-picnic.com\/wp-content\/uploads\/2022\/02\/767548d4-bedb-4592-909a-0a5ea84d30b0-1023x1536.jpg 1023w, https:\/\/paris-picnic.com\/wp-content\/uploads\/2022\/02\/767548d4-bedb-4592-909a-0a5ea84d30b0-40x60.jpg 40w\" sizes=\"auto, (max-width: 1364px) 100vw, 1364px\" \/><\/figure>\n<\/figure>\n\n\n\n<p><strong>CONCIERTO PRIVADO<\/strong><\/p>\n\n\n\n<p>Quieres darte gusto o sorprender a la o las personas que te acompa\u00f1an durante el picnic con un concierto privado de viol\u00edn, trompeta, jazz, etc. Contactamos y lo haremos posible. Esta opci\u00f3n incluye un flyer de tu concierto privado con la lista de canciones. El concierto puede durar entre 15 minutos y 1 hora.<\/p>\n\n\n\n<div class=\"wp-block-columns is-layout-flex wp-container-core-columns-is-layout-9d6595d7 wp-block-columns-is-layout-flex\">\n<div class=\"wp-block-column is-layout-flow wp-block-column-is-layout-flow\" style=\"flex-basis:100%\">\n<div class=\"wp-block-columns is-layout-flex wp-container-core-columns-is-layout-9d6595d7 wp-block-columns-is-layout-flex\">\n<div class=\"wp-block-column is-layout-flow wp-block-column-is-layout-flow\" style=\"flex-basis:100%\">\n<figure class=\"wp-block-gallery has-nested-images columns-default is-cropped wp-block-gallery-2 is-layout-flex wp-block-gallery-is-layout-flex\">\n<figure class=\"wp-block-image size-large\"><img loading=\"lazy\" decoding=\"async\" width=\"683\" height=\"1024\" data-id=\"120\" src=\"https:\/\/paris-picnic.com\/wp-content\/uploads\/2022\/03\/IMG_4085-2-1-683x1024.jpg\" alt=\"\" class=\"wp-image-120\" srcset=\"https:\/\/paris-picnic.com\/wp-content\/uploads\/2022\/03\/IMG_4085-2-1-683x1024.jpg 683w, https:\/\/paris-picnic.com\/wp-content\/uploads\/2022\/03\/IMG_4085-2-1-200x300.jpg 200w, https:\/\/paris-picnic.com\/wp-content\/uploads\/2022\/03\/IMG_4085-2-1-768x1152.jpg 768w, https:\/\/paris-picnic.com\/wp-content\/uploads\/2022\/03\/IMG_4085-2-1-1024x1536.jpg 1024w, https:\/\/paris-picnic.com\/wp-content\/uploads\/2022\/03\/IMG_4085-2-1-1365x2048.jpg 1365w, https:\/\/paris-picnic.com\/wp-content\/uploads\/2022\/03\/IMG_4085-2-1-40x60.jpg 40w, https:\/\/paris-picnic.com\/wp-content\/uploads\/2022\/03\/IMG_4085-2-1-600x900.jpg 600w, https:\/\/paris-picnic.com\/wp-content\/uploads\/2022\/03\/IMG_4085-2-1-scaled.jpg 1707w\" sizes=\"auto, (max-width: 683px) 100vw, 683px\" \/><\/figure>\n\n\n\n<figure class=\"wp-block-image size-large\"><img loading=\"lazy\" decoding=\"async\" width=\"683\" height=\"1024\" data-id=\"122\" src=\"https:\/\/paris-picnic.com\/wp-content\/uploads\/2022\/03\/IMG_4081-683x1024.jpg\" alt=\"\" class=\"wp-image-122\" srcset=\"https:\/\/paris-picnic.com\/wp-content\/uploads\/2022\/03\/IMG_4081-683x1024.jpg 683w, https:\/\/paris-picnic.com\/wp-content\/uploads\/2022\/03\/IMG_4081-200x300.jpg 200w, https:\/\/paris-picnic.com\/wp-content\/uploads\/2022\/03\/IMG_4081-768x1152.jpg 768w, https:\/\/paris-picnic.com\/wp-content\/uploads\/2022\/03\/IMG_4081-1024x1536.jpg 1024w, https:\/\/paris-picnic.com\/wp-content\/uploads\/2022\/03\/IMG_4081-1365x2048.jpg 1365w, https:\/\/paris-picnic.com\/wp-content\/uploads\/2022\/03\/IMG_4081-40x60.jpg 40w, https:\/\/paris-picnic.com\/wp-content\/uploads\/2022\/03\/IMG_4081-600x900.jpg 600w, https:\/\/paris-picnic.com\/wp-content\/uploads\/2022\/03\/IMG_4081-scaled.jpg 1707w\" sizes=\"auto, (max-width: 683px) 100vw, 683px\" \/><\/figure>\n<\/figure>\n<\/div>\n<\/div>\n<\/div>\n<\/div>\n\n\n\n<p><strong>DECORACION CON GLOBOS<\/strong><\/p>\n\n\n\n<p>Quieres darte gusto o sorprender a la o las personas que te acompa\u00f1an durante el picnic con una decoraci\u00f3n con globos sencillos, o con globos con helio. Contactamos y lo haremos posible.<\/p>\n\n\n\n<p><strong>CUALQUIER IDEA EN ESPECIAL<\/strong><\/p>\n\n\n\n<p>Tienes una idea en mente para personalizar al 100% tu picnic (No importa lo extravagante que sea). No dudes en contactarnos para convertir contigo esa idea en realidad y sorprender a tus seres queridos.<\/p>\n\n\n\n<figure class=\"wp-block-image size-large\"><img loading=\"lazy\" decoding=\"async\" width=\"1024\" height=\"683\" src=\"https:\/\/paris-picnic.com\/wp-content\/uploads\/2022\/03\/IMG_7330-1024x683.jpg\" alt=\"\" class=\"wp-image-164\" srcset=\"https:\/\/paris-picnic.com\/wp-content\/uploads\/2022\/03\/IMG_7330-1024x683.jpg 1024w, https:\/\/paris-picnic.com\/wp-content\/uploads\/2022\/03\/IMG_7330-300x200.jpg 300w, https:\/\/paris-picnic.com\/wp-content\/uploads\/2022\/03\/IMG_7330-768x512.jpg 768w, https:\/\/paris-picnic.com\/wp-content\/uploads\/2022\/03\/IMG_7330-1536x1024.jpg 1536w, https:\/\/paris-picnic.com\/wp-content\/uploads\/2022\/03\/IMG_7330-2048x1365.jpg 2048w, https:\/\/paris-picnic.com\/wp-content\/uploads\/2022\/03\/IMG_7330-90x60.jpg 90w, https:\/\/paris-picnic.com\/wp-content\/uploads\/2022\/03\/IMG_7330-420x280.jpg 420w, https:\/\/paris-picnic.com\/wp-content\/uploads\/2022\/03\/IMG_7330-600x400.jpg 600w\" sizes=\"auto, (max-width: 1024px) 100vw, 1024px\" \/><\/figure>\n","protected":false},"excerpt":{"rendered":"<p>SESION DE FOTOS CON UN FOTOGRAFO PROFESIONAL Para que puedas inmortalizar tu picnic y puedas presumirlo ante todos tus amigos, te proponemos agregar una sesi\u00f3n &hellip; <\/p>\n","protected":false},"author":1,"featured_media":0,"parent":0,"menu_order":0,"comment_status":"closed","ping_status":"closed","template":"","meta":{"footnotes":""},"class_list":["post-23","page","type-page","status-publish","hentry"],"_links":{"self":[{"href":"https:\/\/paris-picnic.com\/index.php\/wp-json\/wp\/v2\/pages\/23","targetHints":{"allow":["GET"]}}],"collection":[{"href":"https:\/\/paris-picnic.com\/index.php\/wp-json\/wp\/v2\/pages"}],"about":[{"href":"https:\/\/paris-picnic.com\/index.php\/wp-json\/wp\/v2\/types\/page"}],"author":[{"embeddable":true,"href":"https:\/\/paris-picnic.com\/index.php\/wp-json\/wp\/v2\/users\/1"}],"replies":[{"embeddable":true,"href":"https:\/\/paris-picnic.com\/index.php\/wp-json\/wp\/v2\/comments?post=23"}],"version-history":[{"count":10,"href":"https:\/\/paris-picnic.com\/index.php\/wp-json\/wp\/v2\/pages\/23\/revisions"}],"predecessor-version":[{"id":256,"href":"https:\/\/paris-picnic.com\/index.php\/wp-json\/wp\/v2\/pages\/23\/revisions\/256"}],"wp:attachment":[{"href":"https:\/\/paris-picnic.com\/index.php\/wp-json\/wp\/v2\/media?parent=23"}],"curies":[{"name":"wp","href":"https:\/\/api.w.org\/{rel}","templated":true}]}}